{"id":1097,"date":"2024-06-10T19:43:43","date_gmt":"2024-06-10T19:43:43","guid":{"rendered":"https:\/\/zelena-oaza.si\/?page_id=1097"},"modified":"2024-06-15T11:51:46","modified_gmt":"2024-06-15T11:51:46","slug":"paket-relax","status":"publish","type":"page","link":"https:\/\/zelena-oaza.si\/en\/paket-relax\/","title":{"rendered":"Paket Relax"},"content":{"rendered":"<div data-elementor-type=\"wp-page\" data-elementor-id=\"1097\" class=\"elementor elementor-1097\" data-elementor-post-type=\"page\">\n\t\t\t\t<div class=\"elementor-element elementor-element-b69ae98 e-flex e-con-boxed e-con e-parent\" data-id=\"b69ae98\" data-element_type=\"container\" data-settings=\"{&quot;background_background&quot;:&quot;classic&quot;}\">\n\t\t\t\t\t<div class=\"e-con-inner\">\n\t\t\t\t<div class=\"elementor-element elementor-element-1981d66 elementor-widget elementor-widget-heading\" data-id=\"1981d66\" data-element_type=\"widget\" data-widget_type=\"heading.default\">\n\t\t\t\t<div class=\"elementor-widget-container\">\n\t\t\t\t\t<h2 class=\"elementor-heading-title elementor-size-default\">Paket Relax<\/h2>\t\t\t\t<\/div>\n\t\t\t\t<\/div>\n\t\t\t\t\t<\/div>\n\t\t\t\t<\/div>\n\t\t<div class=\"elementor-element elementor-element-b7d7fb1 e-flex e-con-boxed e-con e-parent\" data-id=\"b7d7fb1\" data-element_type=\"container\">\n\t\t\t\t\t<div class=\"e-con-inner\">\n\t\t<div class=\"elementor-element elementor-element-a28eafd e-flex e-con-boxed e-con e-child\" data-id=\"a28eafd\" data-element_type=\"container\" data-settings=\"{&quot;background_background&quot;:&quot;classic&quot;}\">\n\t\t\t\t\t<div class=\"e-con-inner\">\n\t\t<div class=\"elementor-element elementor-element-f60ba55 e-con-full e-flex e-con e-child\" data-id=\"f60ba55\" data-element_type=\"container\" data-settings=\"{&quot;background_background&quot;:&quot;classic&quot;}\">\n\t\t\t\t<div class=\"elementor-element elementor-element-91b3bf8 elementor-icon-list--layout-traditional elementor-list-item-link-full_width elementor-widget elementor-widget-icon-list\" data-id=\"91b3bf8\" data-element_type=\"widget\" data-widget_type=\"icon-list.default\">\n\t\t\t\t<div class=\"elementor-widget-container\">\n\t\t\t\t\t\t\t<ul class=\"elementor-icon-list-items\">\n\t\t\t\t\t\t\t<li class=\"elementor-icon-list-item\">\n\t\t\t\t\t\t\t\t\t\t\t<span class=\"elementor-icon-list-icon\">\n\t\t\t\t\t\t\t<svg aria-hidden=\"true\" class=\"e-font-icon-svg e-fas-moon\" viewbox=\"0 0 512 512\" xmlns=\"http:\/\/www.w3.org\/2000\/svg\"><path d=\"M283.211 512c78.962 0 151.079-35.925 198.857-94.792 7.068-8.708-.639-21.43-11.562-19.35-124.203 23.654-238.262-71.576-238.262-196.954 0-72.222 38.662-138.635 101.498-174.394 9.686-5.512 7.25-20.197-3.756-22.23A258.156 258.156 0 0 0 283.211 0c-141.309 0-256 114.511-256 256 0 141.309 114.511 256 256 256z\"><\/path><\/svg>\t\t\t\t\t\t<\/span>\n\t\t\t\t\t\t\t\t\t\t<span class=\"elementor-icon-list-text\">\u0160tevilo no\u010ditev: <b> 2 <\/b><\/span>\n\t\t\t\t\t\t\t\t\t<\/li>\n\t\t\t\t\t\t<\/ul>\n\t\t\t\t\t\t<\/div>\n\t\t\t\t<\/div>\n\t\t\t\t<div class=\"elementor-element elementor-element-d372db6 elementor-widget-divider--view-line elementor-widget elementor-widget-divider\" data-id=\"d372db6\" data-element_type=\"widget\" data-widget_type=\"divider.default\">\n\t\t\t\t<div class=\"elementor-widget-container\">\n\t\t\t\t\t\t\t<div class=\"elementor-divider\">\n\t\t\t<span class=\"elementor-divider-separator\">\n\t\t\t\t\t\t<\/span>\n\t\t<\/div>\n\t\t\t\t\t\t<\/div>\n\t\t\t\t<\/div>\n\t\t\t\t<div class=\"elementor-element elementor-element-4318de0 elementor-icon-list--layout-traditional elementor-list-item-link-full_width elementor-widget elementor-widget-icon-list\" data-id=\"4318de0\" data-element_type=\"widget\" data-widget_type=\"icon-list.default\">\n\t\t\t\t<div class=\"elementor-widget-container\">\n\t\t\t\t\t\t\t<ul class=\"elementor-icon-list-items\">\n\t\t\t\t\t\t\t<li class=\"elementor-icon-list-item\">\n\t\t\t\t\t\t\t\t\t\t\t<span class=\"elementor-icon-list-icon\">\n\t\t\t\t\t\t\t<svg aria-hidden=\"true\" class=\"e-font-icon-svg e-fas-user-alt\" viewbox=\"0 0 512 512\" xmlns=\"http:\/\/www.w3.org\/2000\/svg\"><path d=\"M256 288c79.5 0 144-64.5 144-144S335.5 0 256 0 112 64.5 112 144s64.5 144 144 144zm128 32h-55.1c-22.2 10.2-46.9 16-72.9 16s-50.6-5.8-72.9-16H128C57.3 320 0 377.3 0 448v16c0 26.5 21.5 48 48 48h416c26.5 0 48-21.5 48-48v-16c0-70.7-57.3-128-128-128z\"><\/path><\/svg>\t\t\t\t\t\t<\/span>\n\t\t\t\t\t\t\t\t\t\t<span class=\"elementor-icon-list-text\">\u0160tevilo oseb: <b> 2 <\/b><\/span>\n\t\t\t\t\t\t\t\t\t<\/li>\n\t\t\t\t\t\t<\/ul>\n\t\t\t\t\t\t<\/div>\n\t\t\t\t<\/div>\n\t\t\t\t<div class=\"elementor-element elementor-element-d2562c8 elementor-widget-divider--view-line elementor-widget elementor-widget-divider\" data-id=\"d2562c8\" data-element_type=\"widget\" data-widget_type=\"divider.default\">\n\t\t\t\t<div class=\"elementor-widget-container\">\n\t\t\t\t\t\t\t<div class=\"elementor-divider\">\n\t\t\t<span class=\"elementor-divider-separator\">\n\t\t\t\t\t\t<\/span>\n\t\t<\/div>\n\t\t\t\t\t\t<\/div>\n\t\t\t\t<\/div>\n\t\t\t\t<div class=\"elementor-element elementor-element-eca380f elementor-icon-list--layout-traditional elementor-list-item-link-full_width elementor-widget elementor-widget-icon-list\" data-id=\"eca380f\" data-element_type=\"widget\" data-widget_type=\"icon-list.default\">\n\t\t\t\t<div class=\"elementor-widget-container\">\n\t\t\t\t\t\t\t<ul class=\"elementor-icon-list-items\">\n\t\t\t\t\t\t\t<li class=\"elementor-icon-list-item\">\n\t\t\t\t\t\t\t\t\t\t\t<span class=\"elementor-icon-list-icon\">\n\t\t\t\t\t\t\t<svg aria-hidden=\"true\" class=\"e-font-icon-svg e-fas-box\" viewbox=\"0 0 512 512\" xmlns=\"http:\/\/www.w3.org\/2000\/svg\"><path d=\"M509.5 184.6L458.9 32.8C452.4 13.2 434.1 0 413.4 0H272v192h238.7c-.4-2.5-.4-5-1.2-7.4zM240 0H98.6c-20.7 0-39 13.2-45.5 32.8L2.5 184.6c-.8 2.4-.8 4.9-1.2 7.4H240V0zM0 224v240c0 26.5 21.5 48 48 48h416c26.5 0 48-21.5 48-48V224H0z\"><\/path><\/svg>\t\t\t\t\t\t<\/span>\n\t\t\t\t\t\t\t\t\t\t<span class=\"elementor-icon-list-text\">Paket vklju\u010duje:<\/span>\n\t\t\t\t\t\t\t\t\t<\/li>\n\t\t\t\t\t\t<\/ul>\n\t\t\t\t\t\t<\/div>\n\t\t\t\t<\/div>\n\t\t\t\t<div class=\"elementor-element elementor-element-f62b179 elementor-widget elementor-widget-text-editor\" data-id=\"f62b179\" data-element_type=\"widget\" data-widget_type=\"text-editor.default\">\n\t\t\t\t<div class=\"elementor-widget-container\">\n\t\t\t\t\t\t\t\t\t<ul><li>2x zajtrk<\/li><li>degustacijo vina<\/li><li>celodnevno kopanje<\/li><li>3-hodna ve\u010derja<\/li><\/ul>\t\t\t\t\t\t\t\t<\/div>\n\t\t\t\t<\/div>\n\t\t\t\t<div class=\"elementor-element elementor-element-3e46e24 elementor-widget-divider--view-line elementor-widget elementor-widget-divider\" data-id=\"3e46e24\" data-element_type=\"widget\" data-widget_type=\"divider.default\">\n\t\t\t\t<div class=\"elementor-widget-container\">\n\t\t\t\t\t\t\t<div class=\"elementor-divider\">\n\t\t\t<span class=\"elementor-divider-separator\">\n\t\t\t\t\t\t<\/span>\n\t\t<\/div>\n\t\t\t\t\t\t<\/div>\n\t\t\t\t<\/div>\n\t\t\t\t<div class=\"elementor-element elementor-element-49bf690 elementor-icon-list--layout-traditional elementor-list-item-link-full_width elementor-widget elementor-widget-icon-list\" data-id=\"49bf690\" data-element_type=\"widget\" data-widget_type=\"icon-list.default\">\n\t\t\t\t<div class=\"elementor-widget-container\">\n\t\t\t\t\t\t\t<ul class=\"elementor-icon-list-items\">\n\t\t\t\t\t\t\t<li class=\"elementor-icon-list-item\">\n\t\t\t\t\t\t\t\t\t\t\t<span class=\"elementor-icon-list-icon\">\n\t\t\t\t\t\t\t<svg aria-hidden=\"true\" class=\"e-font-icon-svg e-fas-hotel\" viewbox=\"0 0 576 512\" xmlns=\"http:\/\/www.w3.org\/2000\/svg\"><path d=\"M560 64c8.84 0 16-7.16 16-16V16c0-8.84-7.16-16-16-16H16C7.16 0 0 7.16 0 16v32c0 8.84 7.16 16 16 16h15.98v384H16c-8.84 0-16 7.16-16 16v32c0 8.84 7.16 16 16 16h240v-80c0-8.8 7.2-16 16-16h32c8.8 0 16 7.2 16 16v80h240c8.84 0 16-7.16 16-16v-32c0-8.84-7.16-16-16-16h-16V64h16zm-304 44.8c0-6.4 6.4-12.8 12.8-12.8h38.4c6.4 0 12.8 6.4 12.8 12.8v38.4c0 6.4-6.4 12.8-12.8 12.8h-38.4c-6.4 0-12.8-6.4-12.8-12.8v-38.4zm0 96c0-6.4 6.4-12.8 12.8-12.8h38.4c6.4 0 12.8 6.4 12.8 12.8v38.4c0 6.4-6.4 12.8-12.8 12.8h-38.4c-6.4 0-12.8-6.4-12.8-12.8v-38.4zm-128-96c0-6.4 6.4-12.8 12.8-12.8h38.4c6.4 0 12.8 6.4 12.8 12.8v38.4c0 6.4-6.4 12.8-12.8 12.8h-38.4c-6.4 0-12.8-6.4-12.8-12.8v-38.4zM179.2 256h-38.4c-6.4 0-12.8-6.4-12.8-12.8v-38.4c0-6.4 6.4-12.8 12.8-12.8h38.4c6.4 0 12.8 6.4 12.8 12.8v38.4c0 6.4-6.4 12.8-12.8 12.8zM192 384c0-53.02 42.98-96 96-96s96 42.98 96 96H192zm256-140.8c0 6.4-6.4 12.8-12.8 12.8h-38.4c-6.4 0-12.8-6.4-12.8-12.8v-38.4c0-6.4 6.4-12.8 12.8-12.8h38.4c6.4 0 12.8 6.4 12.8 12.8v38.4zm0-96c0 6.4-6.4 12.8-12.8 12.8h-38.4c-6.4 0-12.8-6.4-12.8-12.8v-38.4c0-6.4 6.4-12.8 12.8-12.8h38.4c6.4 0 12.8 6.4 12.8 12.8v38.4z\"><\/path><\/svg>\t\t\t\t\t\t<\/span>\n\t\t\t\t\t\t\t\t\t\t<span class=\"elementor-icon-list-text\">Nastanitev ponuja:<\/span>\n\t\t\t\t\t\t\t\t\t<\/li>\n\t\t\t\t\t\t<\/ul>\n\t\t\t\t\t\t<\/div>\n\t\t\t\t<\/div>\n\t\t\t\t<div class=\"elementor-element elementor-element-7825341 elementor-widget elementor-widget-text-editor\" data-id=\"7825341\" data-element_type=\"widget\" data-widget_type=\"text-editor.default\">\n\t\t\t\t<div class=\"elementor-widget-container\">\n\t\t\t\t\t\t\t\t\t<ul><li>brezpla\u010den wifi<\/li><li>parkiri\u0161\u010de<\/li><li>dostopno za invalide<\/li><li>hi\u0161ni ljubljen\u010di dobrodo\u0161li<\/li><li>sobe z razgledom<\/li><\/ul>\t\t\t\t\t\t\t\t<\/div>\n\t\t\t\t<\/div>\n\t\t\t\t<div class=\"elementor-element elementor-element-5de56cd elementor-widget-divider--view-line elementor-widget elementor-widget-divider\" data-id=\"5de56cd\" data-element_type=\"widget\" data-widget_type=\"divider.default\">\n\t\t\t\t<div class=\"elementor-widget-container\">\n\t\t\t\t\t\t\t<div class=\"elementor-divider\">\n\t\t\t<span class=\"elementor-divider-separator\">\n\t\t\t\t\t\t<\/span>\n\t\t<\/div>\n\t\t\t\t\t\t<\/div>\n\t\t\t\t<\/div>\n\t\t<div class=\"elementor-element elementor-element-255e460 e-grid e-con-boxed e-con e-child\" data-id=\"255e460\" data-element_type=\"container\">\n\t\t\t\t\t<div class=\"e-con-inner\">\n\t\t<div class=\"elementor-element elementor-element-6e83182 e-flex e-con-boxed e-con e-child\" data-id=\"6e83182\" data-element_type=\"container\">\n\t\t\t\t\t<div class=\"e-con-inner\">\n\t\t\t\t<div class=\"elementor-element elementor-element-6733ec5 elementor-widget elementor-widget-heading\" data-id=\"6733ec5\" data-element_type=\"widget\" data-widget_type=\"heading.default\">\n\t\t\t\t<div class=\"elementor-widget-container\">\n\t\t\t\t\t<h2 class=\"elementor-heading-title elementor-size-default\">330 \u20ac<br><font size=\"3\">  \n    za dve osebi\n<\/font> <\/h2>\t\t\t\t<\/div>\n\t\t\t\t<\/div>\n\t\t\t\t\t<\/div>\n\t\t\t\t<\/div>\n\t\t<div class=\"elementor-element elementor-element-8562f91 e-flex e-con-boxed e-con e-child\" data-id=\"8562f91\" data-element_type=\"container\" data-settings=\"{&quot;background_background&quot;:&quot;classic&quot;}\">\n\t\t\t\t\t<div class=\"e-con-inner\">\n\t\t\t\t<div class=\"elementor-element elementor-element-736ef72 elementor-widget elementor-widget-heading\" data-id=\"736ef72\" data-element_type=\"widget\" data-widget_type=\"heading.default\">\n\t\t\t\t<div class=\"elementor-widget-container\">\n\t\t\t\t\t<h2 class=\"elementor-heading-title elementor-size-default\">Book now<\/h2>\t\t\t\t<\/div>\n\t\t\t\t<\/div>\n\t\t\t\t\t<\/div>\n\t\t\t\t<\/div>\n\t\t\t\t\t<\/div>\n\t\t\t\t<\/div>\n\t\t\t\t<\/div>\n\t\t<div class=\"elementor-element elementor-element-50dd394 e-con-full e-flex e-con e-child\" data-id=\"50dd394\" data-element_type=\"container\">\n\t\t\t\t<div class=\"elementor-element elementor-element-a5754f0 elementor-widget elementor-widget-heading\" data-id=\"a5754f0\" data-element_type=\"widget\" data-widget_type=\"heading.default\">\n\t\t\t\t<div class=\"elementor-widget-container\">\n\t\t\t\t\t<h2 class=\"elementor-heading-title elementor-size-default\">Odkrijte popolno sprostitev s paketom Relax<\/h2>\t\t\t\t<\/div>\n\t\t\t\t<\/div>\n\t\t\t\t<div class=\"elementor-element elementor-element-94d456c elementor-widget elementor-widget-text-editor\" data-id=\"94d456c\" data-element_type=\"widget\" data-widget_type=\"text-editor.default\">\n\t\t\t\t<div class=\"elementor-widget-container\">\n\t\t\t\t\t\t\t\t\t<p><span style=\"font-weight: 400;\">Privo\u0161\u010dite si nepozabno izku\u0161njo, ki bo pote\u0161ila va\u0161e \u010dute in vas popolnoma sprostila. Paket Relax je zasnovan za vse, ki si \u017eelijo pobegniti od vsakodnevnega stresa in u\u017eivati v razko\u0161ju, kulinari\u010dnih dobrotah ter popolni sprostitvi.<\/span><\/p><p><b>Kaj vklju\u010duje paket Relax:<\/b><\/p><ul><li style=\"font-weight: 400;\" aria-level=\"1\"><b>Degustacija vina:<\/b><span style=\"font-weight: 400;\"> Prepustite se vrhunskim okusom na\u0161ih vin.\u00a0<\/span><\/li><li style=\"font-weight: 400;\" aria-level=\"1\"><b>Narezek:<\/b><span style=\"font-weight: 400;\"> U\u017eivajte v doma\u010dem narezku, ki bo spremljal va\u0161o vinsko izku\u0161njo. Izbrani lokalni siri, mesni izdelki, sve\u017ee pe\u010den kruh in drugi prigrizki bodo popoln spremljevalec ob kozarcu doma\u010dega vina.<\/span><\/li><li style=\"font-weight: 400;\" aria-level=\"1\"><b>Celodnevno kopanje:<\/b><span style=\"font-weight: 400;\"> Prepustite se blagodejnim u\u010dinkom vode v bazenih Terme Banovci. Celodnevno kopanje vam omogo\u010da neomejen dostop do notranjih in zunanjih bazenov.<\/span><\/li><li style=\"font-weight: 400;\" aria-level=\"1\"><b>3-hodna ve\u010derja:<\/b><span style=\"font-weight: 400;\"> Va\u0161 dan boste zaklju\u010dili s 3-hodno ve\u010derjo v na\u0161i restavraciji. Za vas bomo pripravili jedi iz sve\u017eih in sezonskih sestavin.\u00a0<\/span><\/li><\/ul><p><span style=\"font-weight: 400;\">Paket Relax je popolna izbira za pare, prijatelje ali posameznike, ki si \u017eelijo dan pre\u017eiveti v znamenju udobja, u\u017eitka in sprostitve. Rezervirajte svoj paket Relax \u0161e danes in se prepustite razvajanju!<\/span><\/p><p><b>Cena paketa:<\/b><span style=\"font-weight: 400;\"> 330 EUR za dve osebi<\/span><\/p><p><b>Trajanje:<\/b><span style=\"font-weight: 400;\"> 3 dni, 2 no\u010di<\/span><\/p><p><b>Rezervacije in dodatne informacije:<\/b><\/p><p><span style=\"font-weight: 400;\">Za ve\u010d informacij nas kontaktirajte na +386 31 441 811 ali <\/span><a href=\"mailto:info@zelena-oaza.si\"><span style=\"font-weight: 400;\">info@zelena-oaza.si<\/span><\/a><span style=\"font-weight: 400;\">.\u00a0<\/span><\/p>\t\t\t\t\t\t\t\t<\/div>\n\t\t\t\t<\/div>\n\t\t\t\t<\/div>\n\t\t\t\t\t<\/div>\n\t\t\t\t<\/div>\n\t\t\t\t\t<\/div>\n\t\t\t\t<\/div>\n\t\t\t\t<\/div>","protected":false},"excerpt":{"rendered":"<p>Paket Relax \u0160tevilo no\u010ditev: 2 \u0160tevilo oseb: 2 Paket vklju\u010duje: 2x zajtrk degustacijo vina celodnevno kopanje 3-hodna ve\u010derja Nastanitev ponuja: brezpla\u010den wifi parkiri\u0161\u010de dostopno za invalide hi\u0161ni ljubljen\u010di dobrodo\u0161li sobe z razgledom 330 \u20ac za dve osebi Rezerviraj Odkrijte popolno sprostitev s paketom Relax Privo\u0161\u010dite si nepozabno izku\u0161njo, ki bo pote\u0161ila va\u0161e \u010dute in vas [&hellip;]<\/p>","protected":false},"author":1,"featured_media":0,"parent":0,"menu_order":0,"comment_status":"closed","ping_status":"closed","template":"","meta":{"footnotes":""},"class_list":["post-1097","page","type-page","status-publish","hentry"],"_links":{"self":[{"href":"https:\/\/zelena-oaza.si\/en\/wp-json\/wp\/v2\/pages\/1097","targetHints":{"allow":["GET"]}}],"collection":[{"href":"https:\/\/zelena-oaza.si\/en\/wp-json\/wp\/v2\/pages"}],"about":[{"href":"https:\/\/zelena-oaza.si\/en\/wp-json\/wp\/v2\/types\/page"}],"author":[{"embeddable":true,"href":"https:\/\/zelena-oaza.si\/en\/wp-json\/wp\/v2\/users\/1"}],"replies":[{"embeddable":true,"href":"https:\/\/zelena-oaza.si\/en\/wp-json\/wp\/v2\/comments?post=1097"}],"version-history":[{"count":46,"href":"https:\/\/zelena-oaza.si\/en\/wp-json\/wp\/v2\/pages\/1097\/revisions"}],"predecessor-version":[{"id":1168,"href":"https:\/\/zelena-oaza.si\/en\/wp-json\/wp\/v2\/pages\/1097\/revisions\/1168"}],"wp:attachment":[{"href":"https:\/\/zelena-oaza.si\/en\/wp-json\/wp\/v2\/media?parent=1097"}],"curies":[{"name":"wp","href":"https:\/\/api.w.org\/{rel}","templated":true}]}}