{"id":22,"date":"2024-03-01T12:57:00","date_gmt":"2024-03-01T12:57:00","guid":{"rendered":"https:\/\/zelena-oaza.si\/?page_id=22"},"modified":"2025-03-30T18:01:37","modified_gmt":"2025-03-30T18:01:37","slug":"o-nas","status":"publish","type":"page","link":"https:\/\/zelena-oaza.si\/en\/o-nas\/","title":{"rendered":"About us"},"content":{"rendered":"<div data-elementor-type=\"wp-page\" data-elementor-id=\"22\" class=\"elementor elementor-22\" data-elementor-post-type=\"page\">\n\t\t\t\t<div class=\"elementor-element elementor-element-1702aab e-flex e-con-boxed e-con e-parent\" data-id=\"1702aab\" data-element_type=\"container\" data-settings=\"{&quot;background_background&quot;:&quot;classic&quot;}\">\n\t\t\t\t\t<div class=\"e-con-inner\">\n\t\t\t\t<div class=\"elementor-element elementor-element-97b6a8d elementor-widget elementor-widget-heading\" data-id=\"97b6a8d\" data-element_type=\"widget\" data-widget_type=\"heading.default\">\n\t\t\t\t<div class=\"elementor-widget-container\">\n\t\t\t\t\t<h2 class=\"elementor-heading-title elementor-size-default\">A story of generations living together with nature...\n<\/h2>\t\t\t\t<\/div>\n\t\t\t\t<\/div>\n\t\t\t\t\t<\/div>\n\t\t\t\t<\/div>\n\t\t<div class=\"elementor-element elementor-element-760941f e-flex e-con-boxed e-con e-parent\" data-id=\"760941f\" data-element_type=\"container\">\n\t\t\t\t\t<div class=\"e-con-inner\">\n\t\t\t\t<div class=\"elementor-element elementor-element-3401ccb elementor-widget elementor-widget-video\" data-id=\"3401ccb\" data-element_type=\"widget\" data-settings=\"{&quot;youtube_url&quot;:&quot;https:\\\/\\\/youtu.be\\\/oLnwKEv_Dlw&quot;,&quot;autoplay&quot;:&quot;yes&quot;,&quot;play_on_mobile&quot;:&quot;yes&quot;,&quot;loop&quot;:&quot;yes&quot;,&quot;video_type&quot;:&quot;youtube&quot;,&quot;controls&quot;:&quot;yes&quot;}\" data-widget_type=\"video.default\">\n\t\t\t\t<div class=\"elementor-widget-container\">\n\t\t\t\t\t\t\t<div class=\"elementor-wrapper elementor-open-inline\">\n\t\t\t<div class=\"elementor-video\"><\/div>\t\t<\/div>\n\t\t\t\t\t\t<\/div>\n\t\t\t\t<\/div>\n\t\t\t\t\t<\/div>\n\t\t\t\t<\/div>\n\t\t<div class=\"elementor-element elementor-element-f415150 e-flex e-con-boxed e-con e-parent\" data-id=\"f415150\" data-element_type=\"container\">\n\t\t\t\t\t<div class=\"e-con-inner\">\n\t\t<div class=\"elementor-element elementor-element-6f5e435 e-con-full e-flex e-con e-child\" data-id=\"6f5e435\" data-element_type=\"container\">\n\t\t\t\t<div class=\"elementor-element elementor-element-442d153 elementor-widget elementor-widget-heading\" data-id=\"442d153\" data-element_type=\"widget\" data-widget_type=\"heading.default\">\n\t\t\t\t<div class=\"elementor-widget-container\">\n\t\t\t\t\t<h2 class=\"elementor-heading-title elementor-size-default\">Love. Devotion. Harmony.<\/h2>\t\t\t\t<\/div>\n\t\t\t\t<\/div>\n\t\t\t\t<\/div>\n\t\t<div class=\"elementor-element elementor-element-8a6f482 e-con-full e-flex e-con e-child\" data-id=\"8a6f482\" data-element_type=\"container\">\n\t\t\t\t<div class=\"elementor-element elementor-element-2db521e elementor-widget elementor-widget-text-editor\" data-id=\"2db521e\" data-element_type=\"widget\" data-widget_type=\"text-editor.default\">\n\t\t\t\t<div class=\"elementor-widget-container\">\n\t\t\t\t\t\t\t\t\t<p><span style=\"font-weight: 400;\">When the traditional is combined with the modern and the fresh winds of new generations with years of experience, a rich\u00a0<\/span><b>story of values, love, commitment and exceptional hospitality emerges.<\/b><\/p><p><span style=\"font-weight: 400;\">We are a tourist farm located in the heart of Prlekija, surrounded by vineyards and beautiful views. We stick to the slogan \"home is best\", which is why we offer delicacies from local farms and home-produced wine.<\/span><\/p><p><span style=\"font-weight: 400;\">Our location is well hidden from the hordes of loud tourists, ensuring an authentic rural experience where we offer what we ourselves crave - <\/span><b>simplicity, friendliness and warmth!<\/b><\/p><p><span style=\"font-weight: 400;\">We offer bed and breakfast, room rental for private parties, guided wine tastings, steaks with local delicacies, homemade juices, spoon dishes, and there's also Prle\u0161ka gibance, buckwheat cake or apple strudel.\u00a0<\/span><\/p><p><span style=\"font-weight: 400;\">Let us take you on an unforgettable journey through the unique landscapes and people of the Prlegi region of Slovenia.<\/span><\/p><p><span style=\"font-weight: 400;\">Welcome to the Zelena Oaza!<\/span><\/p>\t\t\t\t\t\t\t\t<\/div>\n\t\t\t\t<\/div>\n\t\t\t\t<\/div>\n\t\t\t\t\t<\/div>\n\t\t\t\t<\/div>\n\t\t<div class=\"elementor-element elementor-element-fd11fba e-con-full e-flex e-con e-parent\" data-id=\"fd11fba\" data-element_type=\"container\">\n\t\t\t\t<div class=\"elementor-element elementor-element-8cc5857 elementor-arrows-position-inside elementor-widget elementor-widget-image-carousel\" data-id=\"8cc5857\" data-element_type=\"widget\" data-settings=\"{&quot;slides_to_show&quot;:&quot;3&quot;,&quot;navigation&quot;:&quot;arrows&quot;,&quot;autoplay_speed&quot;:3000,&quot;autoplay&quot;:&quot;yes&quot;,&quot;pause_on_hover&quot;:&quot;yes&quot;,&quot;pause_on_interaction&quot;:&quot;yes&quot;,&quot;infinite&quot;:&quot;yes&quot;,&quot;speed&quot;:500}\" data-widget_type=\"image-carousel.default\">\n\t\t\t\t<div class=\"elementor-widget-container\">\n\t\t\t\t\t\t\t<div class=\"elementor-image-carousel-wrapper swiper\" role=\"region\" aria-roledescription=\"carousel\" aria-label=\"Image Carousel\" dir=\"ltr\">\n\t\t\t<div class=\"elementor-image-carousel swiper-wrapper swiper-image-stretch\" aria-live=\"off\">\n\t\t\t\t\t\t\t\t<div class=\"swiper-slide\" role=\"group\" aria-roledescription=\"slide\" aria-label=\"1 of 14\"><a data-elementor-open-lightbox=\"yes\" data-elementor-lightbox-slideshow=\"8cc5857\" data-elementor-lightbox-title=\"2024-04-27-Zelena-Oaza-drone_WEB-332\" data-e-action-hash=\"#elementor-action%3Aaction%3Dlightbox%26settings%3DeyJpZCI6NzczLCJ1cmwiOiJodHRwczpcL1wvemVsZW5hLW9hemEuc2lcL3dwLWNvbnRlbnRcL3VwbG9hZHNcLzIwMjRcLzA1XC8yMDI0LTA0LTI3LVplbGVuYS1PYXphLWRyb25lX1dFQi0zMzItMS5qcGciLCJzbGlkZXNob3ciOiI4Y2M1ODU3In0%3D\" href=\"https:\/\/zelena-oaza.si\/wp-content\/uploads\/2024\/05\/2024-04-27-Zelena-Oaza-drone_WEB-332-1.jpg\"><figure class=\"swiper-slide-inner\"><img decoding=\"async\" class=\"swiper-slide-image\" src=\"https:\/\/zelena-oaza.si\/wp-content\/uploads\/elementor\/thumbs\/2024-04-27-Zelena-Oaza-drone_WEB-332-1-qojdh6d9smak98h6rhsgrlewmfbascotapnqfh0ow8.jpg\" alt=\"2024-04-27-Zelena-Oaza-drone_WEB-332\" \/><\/figure><\/a><\/div><div class=\"swiper-slide\" role=\"group\" aria-roledescription=\"slide\" aria-label=\"2 of 14\"><a data-elementor-open-lightbox=\"yes\" data-elementor-lightbox-slideshow=\"8cc5857\" data-elementor-lightbox-title=\"2024-04-27-Zelena-Oaza_WEB-138\" data-e-action-hash=\"#elementor-action%3Aaction%3Dlightbox%26settings%3DeyJpZCI6ODY4LCJ1cmwiOiJodHRwczpcL1wvemVsZW5hLW9hemEuc2lcL3dwLWNvbnRlbnRcL3VwbG9hZHNcLzIwMjRcLzA1XC8yMDI0LTA0LTI3LVplbGVuYS1PYXphX1dFQi0xMzgtMS5qcGciLCJzbGlkZXNob3ciOiI4Y2M1ODU3In0%3D\" href=\"https:\/\/zelena-oaza.si\/wp-content\/uploads\/2024\/05\/2024-04-27-Zelena-Oaza_WEB-138-1.jpg\"><figure class=\"swiper-slide-inner\"><img decoding=\"async\" class=\"swiper-slide-image\" src=\"https:\/\/zelena-oaza.si\/wp-content\/uploads\/elementor\/thumbs\/2024-04-27-Zelena-Oaza_WEB-138-1-qoq3t6xqvuta3qcvmzxf8mbb2hr0knfdqky4tnu0w8.jpg\" alt=\"2024-04-27-Zelena-Oaza_WEB-138\" \/><\/figure><\/a><\/div><div class=\"swiper-slide\" role=\"group\" aria-roledescription=\"slide\" aria-label=\"3 of 14\"><a data-elementor-open-lightbox=\"yes\" data-elementor-lightbox-slideshow=\"8cc5857\" data-elementor-lightbox-title=\"2024-04-27-Zelena-Oaza_WEB-39\" data-e-action-hash=\"#elementor-action%3Aaction%3Dlightbox%26settings%3DeyJpZCI6NzE2LCJ1cmwiOiJodHRwczpcL1wvemVsZW5hLW9hemEuc2lcL3dwLWNvbnRlbnRcL3VwbG9hZHNcLzIwMjRcLzAzXC8yMDI0LTA0LTI3LVplbGVuYS1PYXphX1dFQi0zOS5qcGciLCJzbGlkZXNob3ciOiI4Y2M1ODU3In0%3D\" href=\"https:\/\/zelena-oaza.si\/wp-content\/uploads\/2024\/03\/2024-04-27-Zelena-Oaza_WEB-39.jpg\"><figure class=\"swiper-slide-inner\"><img decoding=\"async\" class=\"swiper-slide-image\" src=\"https:\/\/zelena-oaza.si\/wp-content\/uploads\/elementor\/thumbs\/2024-04-27-Zelena-Oaza_WEB-39-qoejx0oubj1bau9wm6yxxsn73dorr2xp97bevb83k8.jpg\" alt=\"2024-04-27-Zelena-Oaza_WEB-39\" \/><\/figure><\/a><\/div><div class=\"swiper-slide\" role=\"group\" aria-roledescription=\"slide\" aria-label=\"4 of 14\"><a data-elementor-open-lightbox=\"yes\" data-elementor-lightbox-slideshow=\"8cc5857\" data-elementor-lightbox-title=\"2024-04-27-Zelena-Oaza_WEB-56\" data-e-action-hash=\"#elementor-action%3Aaction%3Dlightbox%26settings%3DeyJpZCI6Njg4LCJ1cmwiOiJodHRwczpcL1wvemVsZW5hLW9hemEuc2lcL3dwLWNvbnRlbnRcL3VwbG9hZHNcLzIwMjRcLzA1XC8yMDI0LTA0LTI3LVplbGVuYS1PYXphX1dFQi01Ni5qcGciLCJzbGlkZXNob3ciOiI4Y2M1ODU3In0%3D\" href=\"https:\/\/zelena-oaza.si\/wp-content\/uploads\/2024\/05\/2024-04-27-Zelena-Oaza_WEB-56.jpg\"><figure class=\"swiper-slide-inner\"><img decoding=\"async\" class=\"swiper-slide-image\" src=\"https:\/\/zelena-oaza.si\/wp-content\/uploads\/elementor\/thumbs\/2024-04-27-Zelena-Oaza_WEB-56-qoej0n4ywypredaxo75k1yrmhl9mmeejgydbs789vs.jpg\" alt=\"2024-04-27-Zelena-Oaza_WEB-56\" \/><\/figure><\/a><\/div><div class=\"swiper-slide\" role=\"group\" aria-roledescription=\"slide\" aria-label=\"5 of 14\"><a data-elementor-open-lightbox=\"yes\" data-elementor-lightbox-slideshow=\"8cc5857\" data-elementor-lightbox-title=\"2024-04-27-Zelena-Oaza_WEB-134\" data-e-action-hash=\"#elementor-action%3Aaction%3Dlightbox%26settings%3DeyJpZCI6Njk2LCJ1cmwiOiJodHRwczpcL1wvemVsZW5hLW9hemEuc2lcL3dwLWNvbnRlbnRcL3VwbG9hZHNcLzIwMjRcLzA1XC8yMDI0LTA0LTI3LVplbGVuYS1PYXphX1dFQi0xMzQuanBnIiwic2xpZGVzaG93IjoiOGNjNTg1NyJ9\" href=\"https:\/\/zelena-oaza.si\/wp-content\/uploads\/2024\/05\/2024-04-27-Zelena-Oaza_WEB-134.jpg\"><figure class=\"swiper-slide-inner\"><img decoding=\"async\" class=\"swiper-slide-image\" src=\"https:\/\/zelena-oaza.si\/wp-content\/uploads\/elementor\/thumbs\/2024-04-27-Zelena-Oaza_WEB-134-qoej35dh525acxnv1a5qpbzvikwv5ccrtczxurihag.jpg\" alt=\"2024-04-27-Zelena-Oaza_WEB-134\" \/><\/figure><\/a><\/div><div class=\"swiper-slide\" role=\"group\" aria-roledescription=\"slide\" aria-label=\"6 of 14\"><a data-elementor-open-lightbox=\"yes\" data-elementor-lightbox-slideshow=\"8cc5857\" data-elementor-lightbox-title=\"2024-04-27-Zelena-Oaza_WEB-21\" data-e-action-hash=\"#elementor-action%3Aaction%3Dlightbox%26settings%3DeyJpZCI6NzAwLCJ1cmwiOiJodHRwczpcL1wvemVsZW5hLW9hemEuc2lcL3dwLWNvbnRlbnRcL3VwbG9hZHNcLzIwMjRcLzA1XC8yMDI0LTA0LTI3LVplbGVuYS1PYXphX1dFQi0yMS5qcGciLCJzbGlkZXNob3ciOiI4Y2M1ODU3In0%3D\" href=\"https:\/\/zelena-oaza.si\/wp-content\/uploads\/2024\/05\/2024-04-27-Zelena-Oaza_WEB-21.jpg\"><figure class=\"swiper-slide-inner\"><img decoding=\"async\" class=\"swiper-slide-image\" src=\"https:\/\/zelena-oaza.si\/wp-content\/uploads\/elementor\/thumbs\/2024-04-27-Zelena-Oaza_WEB-21-qoej5be2wb434kijdpvryab4tk8bw7yhs358oqasy0.jpg\" alt=\"2024-04-27-Zelena-Oaza_WEB-21\" \/><\/figure><\/a><\/div><div class=\"swiper-slide\" role=\"group\" aria-roledescription=\"slide\" aria-label=\"7 of 14\"><a data-elementor-open-lightbox=\"yes\" data-elementor-lightbox-slideshow=\"8cc5857\" data-elementor-lightbox-title=\"2024-04-27-Zelena-Oaza_WEB-307\" data-e-action-hash=\"#elementor-action%3Aaction%3Dlightbox%26settings%3DeyJpZCI6NzY5LCJ1cmwiOiJodHRwczpcL1wvemVsZW5hLW9hemEuc2lcL3dwLWNvbnRlbnRcL3VwbG9hZHNcLzIwMjRcLzA1XC8yMDI0LTA0LTI3LVplbGVuYS1PYXphX1dFQi0zMDctMS5qcGciLCJzbGlkZXNob3ciOiI4Y2M1ODU3In0%3D\" href=\"https:\/\/zelena-oaza.si\/wp-content\/uploads\/2024\/05\/2024-04-27-Zelena-Oaza_WEB-307-1.jpg\"><figure class=\"swiper-slide-inner\"><img decoding=\"async\" class=\"swiper-slide-image\" src=\"https:\/\/zelena-oaza.si\/wp-content\/uploads\/elementor\/thumbs\/2024-04-27-Zelena-Oaza_WEB-307-1-qojdgu5dbrtu2ayxquibd6hwwezj0acax16f6vit54.jpg\" alt=\"2024-04-27-Zelena-Oaza_WEB-307\" \/><\/figure><\/a><\/div><div class=\"swiper-slide\" role=\"group\" aria-roledescription=\"slide\" aria-label=\"8 of 14\"><a data-elementor-open-lightbox=\"yes\" data-elementor-lightbox-slideshow=\"8cc5857\" data-elementor-lightbox-title=\"2024-04-27-Zelena-Oaza_WEB-168\" data-e-action-hash=\"#elementor-action%3Aaction%3Dlightbox%26settings%3DeyJpZCI6NzU0LCJ1cmwiOiJodHRwczpcL1wvemVsZW5hLW9hemEuc2lcL3dwLWNvbnRlbnRcL3VwbG9hZHNcLzIwMjRcLzA1XC8yMDI0LTA0LTI3LVplbGVuYS1PYXphX1dFQi0xNjgtMS5qcGciLCJzbGlkZXNob3ciOiI4Y2M1ODU3In0%3D\" href=\"https:\/\/zelena-oaza.si\/wp-content\/uploads\/2024\/05\/2024-04-27-Zelena-Oaza_WEB-168-1.jpg\"><figure class=\"swiper-slide-inner\"><img decoding=\"async\" class=\"swiper-slide-image\" src=\"https:\/\/zelena-oaza.si\/wp-content\/uploads\/elementor\/thumbs\/2024-04-27-Zelena-Oaza_WEB-168-1-qojddzoymtxkwt3rd47zbeco5f0ipa1k6y2hvpqpzc.jpg\" alt=\"2024-04-27-Zelena-Oaza_WEB-168\" \/><\/figure><\/a><\/div><div class=\"swiper-slide\" role=\"group\" aria-roledescription=\"slide\" aria-label=\"9 of 14\"><a data-elementor-open-lightbox=\"yes\" data-elementor-lightbox-slideshow=\"8cc5857\" data-elementor-lightbox-title=\"2024-04-27-Zelena-Oaza_WEB-157\" data-e-action-hash=\"#elementor-action%3Aaction%3Dlightbox%26settings%3DeyJpZCI6NzUzLCJ1cmwiOiJodHRwczpcL1wvemVsZW5hLW9hemEuc2lcL3dwLWNvbnRlbnRcL3VwbG9hZHNcLzIwMjRcLzA1XC8yMDI0LTA0LTI3LVplbGVuYS1PYXphX1dFQi0xNTctMS5qcGciLCJzbGlkZXNob3ciOiI4Y2M1ODU3In0%3D\" href=\"https:\/\/zelena-oaza.si\/wp-content\/uploads\/2024\/05\/2024-04-27-Zelena-Oaza_WEB-157-1.jpg\"><figure class=\"swiper-slide-inner\"><img decoding=\"async\" class=\"swiper-slide-image\" src=\"https:\/\/zelena-oaza.si\/wp-content\/uploads\/elementor\/thumbs\/2024-04-27-Zelena-Oaza_WEB-157-1-qojddvxlvhsfmd97z2lh1fatrvj1uhmmufgjylwao8.jpg\" alt=\"2024-04-27-Zelena-Oaza_WEB-157\" \/><\/figure><\/a><\/div><div class=\"swiper-slide\" role=\"group\" aria-roledescription=\"slide\" aria-label=\"10 of 14\"><a data-elementor-open-lightbox=\"yes\" data-elementor-lightbox-slideshow=\"8cc5857\" data-elementor-lightbox-title=\"2024-04-27-Zelena-Oaza_WEB-319\" data-e-action-hash=\"#elementor-action%3Aaction%3Dlightbox%26settings%3DeyJpZCI6NzcwLCJ1cmwiOiJodHRwczpcL1wvemVsZW5hLW9hemEuc2lcL3dwLWNvbnRlbnRcL3VwbG9hZHNcLzIwMjRcLzA1XC8yMDI0LTA0LTI3LVplbGVuYS1PYXphX1dFQi0zMTktMS5qcGciLCJzbGlkZXNob3ciOiI4Y2M1ODU3In0%3D\" href=\"https:\/\/zelena-oaza.si\/wp-content\/uploads\/2024\/05\/2024-04-27-Zelena-Oaza_WEB-319-1.jpg\"><figure class=\"swiper-slide-inner\"><img decoding=\"async\" class=\"swiper-slide-image\" src=\"https:\/\/zelena-oaza.si\/wp-content\/uploads\/elementor\/thumbs\/2024-04-27-Zelena-Oaza_WEB-319-1-qojdgxwq33yzcqth4w4tn5jr9ygzv2r89jsd3zd8g8.jpg\" alt=\"2024-04-27-Zelena-Oaza_WEB-319\" \/><\/figure><\/a><\/div><div class=\"swiper-slide\" role=\"group\" aria-roledescription=\"slide\" aria-label=\"11 of 14\"><a data-elementor-open-lightbox=\"yes\" data-elementor-lightbox-slideshow=\"8cc5857\" data-elementor-lightbox-title=\"2024-04-27-Zelena-Oaza_WEB-285\" data-e-action-hash=\"#elementor-action%3Aaction%3Dlightbox%26settings%3DeyJpZCI6NzY3LCJ1cmwiOiJodHRwczpcL1wvemVsZW5hLW9hemEuc2lcL3dwLWNvbnRlbnRcL3VwbG9hZHNcLzIwMjRcLzA1XC8yMDI0LTA0LTI3LVplbGVuYS1PYXphX1dFQi0yODUtMS5qcGciLCJzbGlkZXNob3ciOiI4Y2M1ODU3In0%3D\" href=\"https:\/\/zelena-oaza.si\/wp-content\/uploads\/2024\/05\/2024-04-27-Zelena-Oaza_WEB-285-1.jpg\"><figure class=\"swiper-slide-inner\"><img decoding=\"async\" class=\"swiper-slide-image\" src=\"https:\/\/zelena-oaza.si\/wp-content\/uploads\/elementor\/thumbs\/2024-04-27-Zelena-Oaza_WEB-285-1-qojdgoic6rm44n74ns2jy7x5c3rbq3pww99ib7r66g.jpg\" alt=\"2024-04-27-Zelena-Oaza_WEB-285\" \/><\/figure><\/a><\/div><div class=\"swiper-slide\" role=\"group\" aria-roledescription=\"slide\" aria-label=\"12 of 14\"><a data-elementor-open-lightbox=\"yes\" data-elementor-lightbox-slideshow=\"8cc5857\" data-elementor-lightbox-title=\"2024-04-27-Zelena-Oaza_WEB-261\" data-e-action-hash=\"#elementor-action%3Aaction%3Dlightbox%26settings%3DeyJpZCI6NzY1LCJ1cmwiOiJodHRwczpcL1wvemVsZW5hLW9hemEuc2lcL3dwLWNvbnRlbnRcL3VwbG9hZHNcLzIwMjRcLzA1XC8yMDI0LTA0LTI3LVplbGVuYS1PYXphX1dFQi0yNjEtMS1zY2FsZWQuanBnIiwic2xpZGVzaG93IjoiOGNjNTg1NyJ9\" href=\"https:\/\/zelena-oaza.si\/wp-content\/uploads\/2024\/05\/2024-04-27-Zelena-Oaza_WEB-261-1-scaled.jpg\"><figure class=\"swiper-slide-inner\"><img decoding=\"async\" class=\"swiper-slide-image\" src=\"https:\/\/zelena-oaza.si\/wp-content\/uploads\/elementor\/thumbs\/2024-04-27-Zelena-Oaza_WEB-261-1-scaled-qojdg4rq78v3ctzsv1jdzuwgv0gm8gjjtjkb8ekft4.jpg\" alt=\"2024-04-27-Zelena-Oaza_WEB-261\" \/><\/figure><\/a><\/div><div class=\"swiper-slide\" role=\"group\" aria-roledescription=\"slide\" aria-label=\"13 of 14\"><a data-elementor-open-lightbox=\"yes\" data-elementor-lightbox-slideshow=\"8cc5857\" data-elementor-lightbox-title=\"2024-04-27-Zelena-Oaza_WEB-271\" data-e-action-hash=\"#elementor-action%3Aaction%3Dlightbox%26settings%3DeyJpZCI6NzY2LCJ1cmwiOiJodHRwczpcL1wvemVsZW5hLW9hemEuc2lcL3dwLWNvbnRlbnRcL3VwbG9hZHNcLzIwMjRcLzA1XC8yMDI0LTA0LTI3LVplbGVuYS1PYXphX1dFQi0yNzEtMS1zY2FsZWQuanBnIiwic2xpZGVzaG93IjoiOGNjNTg1NyJ9\" href=\"https:\/\/zelena-oaza.si\/wp-content\/uploads\/2024\/05\/2024-04-27-Zelena-Oaza_WEB-271-1-scaled.jpg\"><figure class=\"swiper-slide-inner\"><img decoding=\"async\" class=\"swiper-slide-image\" src=\"https:\/\/zelena-oaza.si\/wp-content\/uploads\/elementor\/thumbs\/2024-04-27-Zelena-Oaza_WEB-271-1-scaled-qojdggzmo3btjri1votje9tgl0se0iw2781mh02bk8.jpg\" alt=\"2024-04-27-Zelena-Oaza_WEB-271\" \/><\/figure><\/a><\/div><div class=\"swiper-slide\" role=\"group\" aria-roledescription=\"slide\" aria-label=\"14 of 14\"><a data-elementor-open-lightbox=\"yes\" data-elementor-lightbox-slideshow=\"8cc5857\" data-elementor-lightbox-title=\"2024-04-27-Zelena-Oaza_WEB-122\" data-e-action-hash=\"#elementor-action%3Aaction%3Dlightbox%26settings%3DeyJpZCI6NzUxLCJ1cmwiOiJodHRwczpcL1wvemVsZW5hLW9hemEuc2lcL3dwLWNvbnRlbnRcL3VwbG9hZHNcLzIwMjRcLzA1XC8yMDI0LTA0LTI3LVplbGVuYS1PYXphX1dFQi0xMjItMS1zY2FsZWQuanBnIiwic2xpZGVzaG93IjoiOGNjNTg1NyJ9\" href=\"https:\/\/zelena-oaza.si\/wp-content\/uploads\/2024\/05\/2024-04-27-Zelena-Oaza_WEB-122-1-scaled.jpg\"><figure class=\"swiper-slide-inner\"><img decoding=\"async\" class=\"swiper-slide-image\" src=\"https:\/\/zelena-oaza.si\/wp-content\/uploads\/elementor\/thumbs\/2024-04-27-Zelena-Oaza_WEB-122-1-scaled-qojddirv7taf3tsc3wwp2imdghbwuq6e4mbr8qft3c.jpg\" alt=\"2024-04-27-Zelena-Oaza_WEB-122\" \/><\/figure><\/a><\/div>\t\t\t<\/div>\n\t\t\t\t\t\t\t\t\t\t\t\t<div class=\"elementor-swiper-button elementor-swiper-button-prev\" role=\"button\" tabindex=\"0\">\n\t\t\t\t\t\t<svg aria-hidden=\"true\" class=\"e-font-icon-svg e-eicon-chevron-left\" viewbox=\"0 0 1000 1000\" xmlns=\"http:\/\/www.w3.org\/2000\/svg\"><path d=\"M646 125C629 125 613 133 604 142L308 442C296 454 292 471 292 487 292 504 296 521 308 533L604 854C617 867 629 875 646 875 663 875 679 871 692 858 704 846 713 829 713 812 713 796 708 779 692 767L438 487 692 225C700 217 708 204 708 187 708 171 704 154 692 142 675 129 663 125 646 125Z\"><\/path><\/svg>\t\t\t\t\t<\/div>\n\t\t\t\t\t<div class=\"elementor-swiper-button elementor-swiper-button-next\" role=\"button\" tabindex=\"0\">\n\t\t\t\t\t\t<svg aria-hidden=\"true\" class=\"e-font-icon-svg e-eicon-chevron-right\" viewbox=\"0 0 1000 1000\" xmlns=\"http:\/\/www.w3.org\/2000\/svg\"><path d=\"M696 533C708 521 713 504 713 487 713 471 708 454 696 446L400 146C388 133 375 125 354 125 338 125 325 129 313 142 300 154 292 171 292 187 292 204 296 221 308 233L563 492 304 771C292 783 288 800 288 817 288 833 296 850 308 863 321 871 338 875 354 875 371 875 388 867 400 854L696 533Z\"><\/path><\/svg>\t\t\t\t\t<\/div>\n\t\t\t\t\n\t\t\t\t\t\t\t\t\t<\/div>\n\t\t\t\t\t\t<\/div>\n\t\t\t\t<\/div>\n\t\t\t\t<\/div>\n\t\t\t\t<\/div>","protected":false},"excerpt":{"rendered":"<p>Zgodba o so\u017eitju generacij z naravo&#8230; Ljubezen. Predanost. So\u017eitje. Ko se tradicionalno zdru\u017ei z modernim in ve\u010d letne izku\u0161nje s sve\u017eim vetrom novih generacij, nastane bogata\u00a0zgodba o vrednotah, ljubezni, predanosti in izjemnem gostoljubju. Smo turisti\u010dna kmetija, ki se nahaja v osr\u010dju Prlekije, obdana z vinogradi in \u010dudovitimi razgledi. Dr\u017eimo se slogana doma\u010de je najbolj\u0161e, zato [&hellip;]<\/p>","protected":false},"author":1,"featured_media":0,"parent":0,"menu_order":0,"comment_status":"closed","ping_status":"closed","template":"","meta":{"footnotes":""},"class_list":["post-22","page","type-page","status-publish","hentry"],"_links":{"self":[{"href":"https:\/\/zelena-oaza.si\/en\/wp-json\/wp\/v2\/pages\/22","targetHints":{"allow":["GET"]}}],"collection":[{"href":"https:\/\/zelena-oaza.si\/en\/wp-json\/wp\/v2\/pages"}],"about":[{"href":"https:\/\/zelena-oaza.si\/en\/wp-json\/wp\/v2\/types\/page"}],"author":[{"embeddable":true,"href":"https:\/\/zelena-oaza.si\/en\/wp-json\/wp\/v2\/users\/1"}],"replies":[{"embeddable":true,"href":"https:\/\/zelena-oaza.si\/en\/wp-json\/wp\/v2\/comments?post=22"}],"version-history":[{"count":34,"href":"https:\/\/zelena-oaza.si\/en\/wp-json\/wp\/v2\/pages\/22\/revisions"}],"predecessor-version":[{"id":1305,"href":"https:\/\/zelena-oaza.si\/en\/wp-json\/wp\/v2\/pages\/22\/revisions\/1305"}],"wp:attachment":[{"href":"https:\/\/zelena-oaza.si\/en\/wp-json\/wp\/v2\/media?parent=22"}],"curies":[{"name":"wp","href":"https:\/\/api.w.org\/{rel}","templated":true}]}}